{"id":10,"date":"2025-05-30T13:43:04","date_gmt":"2025-05-30T11:43:04","guid":{"rendered":"http:\/\/montoit.cc\/?page_id=10"},"modified":"2025-07-08T10:57:23","modified_gmt":"2025-07-08T08:57:23","slug":"contact","status":"publish","type":"page","link":"https:\/\/montoit.cc\/index.php\/contact\/","title":{"rendered":"Contact"},"content":{"rendered":"\t\t<div data-elementor-type=\"wp-page\" data-elementor-id=\"10\" class=\"elementor elementor-10\">\n\t\t\t\t<div class=\"elementor-element elementor-element-51c2c8c e-flex e-con-boxed e-con e-parent\" data-id=\"51c2c8c\" data-element_type=\"container\" data-settings=\"{&quot;background_background&quot;:&quot;classic&quot;}\">\n\t\t\t\t\t<div class=\"e-con-inner\">\n\t\t\t\t<div class=\"elementor-element elementor-element-771c7a7 elementor-widget elementor-widget-heading\" data-id=\"771c7a7\" data-element_type=\"widget\" data-widget_type=\"heading.default\">\n\t\t\t\t<div class=\"elementor-widget-container\">\n\t\t\t\t\t<h2 class=\"elementor-heading-title elementor-size-default\">Formulaire de contact <\/h2>\t\t\t\t<\/div>\n\t\t\t\t<\/div>\n\t\t\t\t\t<\/div>\n\t\t\t\t<\/div>\n\t\t<div class=\"elementor-element elementor-element-709708c e-flex e-con-boxed e-con e-parent\" data-id=\"709708c\" data-element_type=\"container\" data-settings=\"{&quot;background_background&quot;:&quot;classic&quot;}\">\n\t\t\t\t\t<div class=\"e-con-inner\">\n\t\t\t\t<div class=\"elementor-element elementor-element-e5d86f8 elementor-widget elementor-widget-text-editor\" data-id=\"e5d86f8\" data-element_type=\"widget\" data-widget_type=\"text-editor.default\">\n\t\t\t\t<div class=\"elementor-widget-container\">\n\t\t\t\t\t\t\t\t\t<p data-start=\"130\" data-end=\"423\">Vous avez des questions, un projet de r\u00e9novation ou besoin d\u2019aide pour comprendre un diagnostic \u00e9nerg\u00e9tique ?<br data-start=\"239\" data-end=\"242\" \/>N\u2019h\u00e9sitez pas \u00e0 nous contacter !<br data-start=\"274\" data-end=\"277\" \/>L\u2019\u00e9quipe <strong data-start=\"286\" data-end=\"298\">Mon Toit<\/strong> est l\u00e0 pour vous accompagner et r\u00e9pondre \u00e0 toutes vos demandes.<br data-start=\"362\" data-end=\"365\" \/>Remplissez ce formulaire, nous vous r\u00e9pondrons rapidement.<\/p>\t\t\t\t\t\t\t\t<\/div>\n\t\t\t\t<\/div>\n\t\t\t\t\t<\/div>\n\t\t\t\t<\/div>\n\t\t<div class=\"elementor-element elementor-element-9f5f567 e-flex e-con-boxed e-con e-parent\" data-id=\"9f5f567\" data-element_type=\"container\" data-settings=\"{&quot;background_background&quot;:&quot;classic&quot;}\">\n\t\t\t\t\t<div class=\"e-con-inner\">\n\t\t\t\t<div class=\"elementor-element elementor-element-75b28dd elementor-widget elementor-widget-wpforms\" data-id=\"75b28dd\" data-element_type=\"widget\" data-widget_type=\"wpforms.default\">\n\t\t\t\t<div class=\"elementor-widget-container\">\n\t\t\t\t\t<style id=\"wpforms-css-vars-elementor-widget-75b28dd\">\n\t\t\t\t.elementor-widget-wpforms.elementor-element-75b28dd {\n\t\t\t\t--wpforms-field-size-input-height: 43px;\n--wpforms-field-size-input-spacing: 15px;\n--wpforms-field-size-font-size: 16px;\n--wpforms-field-size-line-height: 19px;\n--wpforms-field-size-padding-h: 14px;\n--wpforms-field-size-checkbox-size: 16px;\n--wpforms-field-size-sublabel-spacing: 5px;\n--wpforms-field-size-icon-size: 1;\n--wpforms-label-size-font-size: 16px;\n--wpforms-label-size-line-height: 19px;\n--wpforms-label-size-sublabel-font-size: 14px;\n--wpforms-label-size-sublabel-line-height: 17px;\n--wpforms-button-size-font-size: 17px;\n--wpforms-button-size-height: 41px;\n--wpforms-button-size-padding-h: 15px;\n--wpforms-button-size-margin-top: 10px;\n\n\t\t\t}\n\t\t\t<\/style><div class=\"wpforms-container wpforms-container-full wpforms-render-modern\" id=\"wpforms-46\"><form id=\"wpforms-form-46\" class=\"wpforms-validate wpforms-form wpforms-ajax-form\" data-formid=\"46\" method=\"post\" enctype=\"multipart\/form-data\" action=\"\/index.php\/wp-json\/wp\/v2\/pages\/10\" data-token=\"dbd46eba5b4c860404d91b96753c546c\" data-token-time=\"1775236525\"><noscript class=\"wpforms-error-noscript\">Please enable JavaScript in your browser to complete this form.<\/noscript><div class=\"wpforms-hidden\" id=\"wpforms-error-noscript\">Please enable JavaScript in your browser to complete this form.<\/div><div class=\"wpforms-field-container\"><div id=\"wpforms-46-field_1-container\" class=\"wpforms-field wpforms-field-name\" data-field-id=\"1\"><fieldset><legend class=\"wpforms-field-label\">Nom et Pr\u00e9nom <span class=\"wpforms-required-label\" aria-hidden=\"true\">*<\/span><\/legend><div class=\"wpforms-field-row wpforms-field-medium\"><div class=\"wpforms-field-row-block wpforms-first wpforms-one-half\"><input type=\"text\" id=\"wpforms-46-field_1\" class=\"wpforms-field-name-first wpforms-field-required\" name=\"wpforms[fields][1][first]\" aria-errormessage=\"wpforms-46-field_1-error\" required><label for=\"wpforms-46-field_1\" class=\"wpforms-field-sublabel after\">First<\/label><\/div><div class=\"wpforms-field-row-block wpforms-one-half\"><input type=\"text\" id=\"wpforms-46-field_1-last\" class=\"wpforms-field-name-last wpforms-field-required\" name=\"wpforms[fields][1][last]\" aria-errormessage=\"wpforms-46-field_1-last-error\" required><label for=\"wpforms-46-field_1-last\" class=\"wpforms-field-sublabel after\">Last<\/label><\/div><\/div><\/fieldset><\/div><div id=\"wpforms-46-field_6-container\" class=\"wpforms-field wpforms-field-email\" data-field-id=\"6\"><label class=\"wpforms-field-label\" for=\"wpforms-46-field_6\">E-mail <span class=\"wpforms-required-label\" aria-hidden=\"true\">*<\/span><\/label><input type=\"email\" id=\"wpforms-46-field_6\" class=\"wpforms-field-medium wpforms-field-required\" name=\"wpforms[fields][6]\" spellcheck=\"false\" aria-errormessage=\"wpforms-46-field_6-error\" required><\/div><div id=\"wpforms-46-field_3-container\" class=\"wpforms-field wpforms-field-radio\" data-field-id=\"3\"><fieldset><legend class=\"wpforms-field-label\">Type d&#039;habitation <span class=\"wpforms-required-label\" aria-hidden=\"true\">*<\/span><\/legend><ul id=\"wpforms-46-field_3\" class=\"wpforms-field-required\"><li class=\"choice-1 depth-1\"><input type=\"radio\" id=\"wpforms-46-field_3_1\" name=\"wpforms[fields][3]\" value=\"Maison\" aria-errormessage=\"wpforms-46-field_3_1-error\" required ><label class=\"wpforms-field-label-inline\" for=\"wpforms-46-field_3_1\">Maison<\/label><\/li><li class=\"choice-2 depth-1\"><input type=\"radio\" id=\"wpforms-46-field_3_2\" name=\"wpforms[fields][3]\" value=\"Appartement\" aria-errormessage=\"wpforms-46-field_3_2-error\" required ><label class=\"wpforms-field-label-inline\" for=\"wpforms-46-field_3_2\">Appartement<\/label><\/li><\/ul><\/fieldset><\/div><div id=\"wpforms-46-field_4-container\" class=\"wpforms-field wpforms-field-radio\" data-field-id=\"4\"><fieldset><legend class=\"wpforms-field-label\">Statut r\u00e9sidentiel <span class=\"wpforms-required-label\" aria-hidden=\"true\">*<\/span><\/legend><ul id=\"wpforms-46-field_4\" class=\"wpforms-field-required\"><li class=\"choice-1 depth-1\"><input type=\"radio\" id=\"wpforms-46-field_4_1\" name=\"wpforms[fields][4]\" value=\"Propri\u00e9taire\" aria-errormessage=\"wpforms-46-field_4_1-error\" required ><label class=\"wpforms-field-label-inline\" for=\"wpforms-46-field_4_1\">Propri\u00e9taire<\/label><\/li><li class=\"choice-2 depth-1\"><input type=\"radio\" id=\"wpforms-46-field_4_2\" name=\"wpforms[fields][4]\" value=\"Locataire\" aria-errormessage=\"wpforms-46-field_4_2-error\" required ><label class=\"wpforms-field-label-inline\" for=\"wpforms-46-field_4_2\">Locataire<\/label><\/li><\/ul><\/fieldset><\/div><div id=\"wpforms-46-field_7-container\" class=\"wpforms-field wpforms-field-textarea\" data-field-id=\"7\"><label class=\"wpforms-field-label\" for=\"wpforms-46-field_7\">Decrivez nous votre projet <\/label><textarea id=\"wpforms-46-field_7\" class=\"wpforms-field-medium\" name=\"wpforms[fields][7]\" aria-errormessage=\"wpforms-46-field_7-error\" ><\/textarea><\/div><div id=\"wpforms-46-field_5-container\" class=\"wpforms-field wpforms-field-select wpforms-field-select-style-classic\" data-field-id=\"5\"><label class=\"wpforms-field-label\" for=\"wpforms-46-field_5\">Objet de la demande <span class=\"wpforms-required-label\" aria-hidden=\"true\">*<\/span><\/label><select id=\"wpforms-46-field_5\" class=\"wpforms-field-medium wpforms-field-required\" name=\"wpforms[fields][5]\" required=\"required\"><option value=\"R\u00e9aliser un dossier ANAH\" >R\u00e9aliser un dossier ANAH<\/option><option value=\"Lire un audit\" >Lire un audit<\/option><option value=\"R\u00e9aliser un DPE\" >R\u00e9aliser un DPE<\/option><option value=\"R\u00e9aliser un audit\" >R\u00e9aliser un audit<\/option><option value=\"R\u00e9aliser une r\u00e9novation simple\" >R\u00e9aliser une r\u00e9novation simple<\/option><option value=\"R\u00e9aliser une r\u00e9novation d&#039;ampleur\" >R\u00e9aliser une r\u00e9novation d&#039;ampleur<\/option><option value=\"Lire un DPE\" >Lire un DPE<\/option><\/select><\/div><\/div><!-- .wpforms-field-container --><div class=\"wpforms-submit-container\" ><input type=\"hidden\" name=\"wpforms[id]\" value=\"46\"><input type=\"hidden\" name=\"page_title\" value=\"\"><input type=\"hidden\" name=\"page_url\" value=\"https:\/\/montoit.cc\/index.php\/wp-json\/wp\/v2\/pages\/10\"><input type=\"hidden\" name=\"url_referer\" value=\"\"><button type=\"submit\" name=\"wpforms[submit]\" id=\"wpforms-submit-46\" class=\"wpforms-submit\" data-alt-text=\"Envoi...\" data-submit-text=\"Envoyer\" aria-live=\"assertive\" value=\"wpforms-submit\">Envoyer<\/button><img decoding=\"async\" src=\"https:\/\/montoit.cc\/wp-content\/plugins\/wpforms-lite\/assets\/images\/submit-spin.svg\" class=\"wpforms-submit-spinner\" style=\"display: none;\" width=\"26\" height=\"26\" alt=\"Loading\"><\/div><\/form><\/div>  <!-- .wpforms-container -->\t\t\t\t<\/div>\n\t\t\t\t<\/div>\n\t\t\t\t\t<\/div>\n\t\t\t\t<\/div>\n\t\t\t\t<\/div>\n\t\t","protected":false},"excerpt":{"rendered":"<p>Formulaire de contact Vous avez des questions, un projet de r\u00e9novation ou besoin d\u2019aide pour comprendre un diagnostic \u00e9nerg\u00e9tique ?N\u2019h\u00e9sitez [&hellip;]<\/p>\n","protected":false},"author":1,"featured_media":0,"parent":0,"menu_order":0,"comment_status":"closed","ping_status":"closed","template":"","meta":{"site-sidebar-layout":"no-sidebar","site-content-layout":"","ast-site-content-layout":"full-width-container","site-content-style":"default","site-sidebar-style":"default","ast-global-header-display":"","ast-banner-title-visibility":"","ast-main-header-display":"","ast-hfb-above-header-display":"","ast-hfb-below-header-display":"","ast-hfb-mobile-header-display":"","site-post-title":"disabled","ast-breadcrumbs-content":"","ast-featured-img":"disabled","footer-sml-layout":"","theme-transparent-header-meta":"","adv-header-id-meta":"","stick-header-meta":"","header-above-stick-meta":"","header-main-stick-meta":"","header-below-stick-meta":"","astra-migrate-meta-layouts":"default","ast-page-background-enabled":"default","ast-page-background-meta":{"desktop":{"background-color":"var(--ast-global-color-5)","background-image":"","background-repeat":"repeat","background-position":"center center","background-size":"auto","background-attachment":"scroll","background-type":"","background-media":"","overlay-type":"","overlay-color":"","overlay-opacity":"","overlay-gradient":""},"tablet":{"background-color":"","background-image":"","background-repeat":"repeat","background-position":"center center","background-size":"auto","background-attachment":"scroll","background-type":"","background-media":"","overlay-type":"","overlay-color":"","overlay-opacity":"","overlay-gradient":""},"mobile":{"background-color":"","background-image":"","background-repeat":"repeat","background-position":"center center","background-size":"auto","background-attachment":"scroll","background-type":"","background-media":"","overlay-type":"","overlay-color":"","overlay-opacity":"","overlay-gradient":""}},"ast-content-background-meta":{"desktop":{"background-color":"var(--ast-global-color-4)","background-image":"","background-repeat":"repeat","background-position":"center center","background-size":"auto","background-attachment":"scroll","background-type":"","background-media":"","overlay-type":"","overlay-color":"","overlay-opacity":"","overlay-gradient":""},"tablet":{"background-color":"var(--ast-global-color-4)","background-image":"","background-repeat":"repeat","background-position":"center center","background-size":"auto","background-attachment":"scroll","background-type":"","background-media":"","overlay-type":"","overlay-color":"","overlay-opacity":"","overlay-gradient":""},"mobile":{"background-color":"var(--ast-global-color-4)","background-image":"","background-repeat":"repeat","background-position":"center center","background-size":"auto","background-attachment":"scroll","background-type":"","background-media":"","overlay-type":"","overlay-color":"","overlay-opacity":"","overlay-gradient":""}},"footnotes":""},"class_list":["post-10","page","type-page","status-publish","hentry"],"yoast_head":"<!-- This site is optimized with the Yoast SEO plugin v25.3.1 - https:\/\/yoast.com\/wordpress\/plugins\/seo\/ -->\n<title>Contact -<\/title>\n<meta name=\"description\" content=\"Contactez l\u2019association Mon Toit pour toute demande d\u2019information ou de rendez-vous en accompagnement \u00e9nerg\u00e9tique. R\u00e9ponse rapide et bienveillance garantie.\" \/>\n<meta name=\"robots\" content=\"index, follow, max-snippet:-1, max-image-preview:large, max-video-preview:-1\" \/>\n<link rel=\"canonical\" href=\"https:\/\/montoit.cc\/index.php\/contact\/\" \/>\n<meta property=\"og:locale\" content=\"en_US\" \/>\n<meta property=\"og:type\" content=\"article\" \/>\n<meta property=\"og:title\" content=\"Contact -\" \/>\n<meta property=\"og:description\" content=\"Contactez l\u2019association Mon Toit pour toute demande d\u2019information ou de rendez-vous en accompagnement \u00e9nerg\u00e9tique. R\u00e9ponse rapide et bienveillance garantie.\" \/>\n<meta property=\"og:url\" content=\"https:\/\/montoit.cc\/index.php\/contact\/\" \/>\n<meta property=\"article:modified_time\" content=\"2025-07-08T08:57:23+00:00\" \/>\n<meta property=\"og:image\" content=\"http:\/\/montoit.cc\/wp-content\/plugins\/wpforms-lite\/assets\/images\/submit-spin.svg\" \/>\n<meta name=\"twitter:card\" content=\"summary_large_image\" \/>\n<meta name=\"twitter:label1\" content=\"Est. reading time\" \/>\n\t<meta name=\"twitter:data1\" content=\"1 minute\" \/>\n<script type=\"application\/ld+json\" class=\"yoast-schema-graph\">{\"@context\":\"https:\/\/schema.org\",\"@graph\":[{\"@type\":\"WebPage\",\"@id\":\"https:\/\/montoit.cc\/index.php\/contact\/\",\"url\":\"https:\/\/montoit.cc\/index.php\/contact\/\",\"name\":\"Contact -\",\"isPartOf\":{\"@id\":\"https:\/\/montoit.cc\/#website\"},\"primaryImageOfPage\":{\"@id\":\"https:\/\/montoit.cc\/index.php\/contact\/#primaryimage\"},\"image\":{\"@id\":\"https:\/\/montoit.cc\/index.php\/contact\/#primaryimage\"},\"thumbnailUrl\":\"http:\/\/montoit.cc\/wp-content\/plugins\/wpforms-lite\/assets\/images\/submit-spin.svg\",\"datePublished\":\"2025-05-30T11:43:04+00:00\",\"dateModified\":\"2025-07-08T08:57:23+00:00\",\"description\":\"Contactez l\u2019association Mon Toit pour toute demande d\u2019information ou de rendez-vous en accompagnement \u00e9nerg\u00e9tique. R\u00e9ponse rapide et bienveillance garantie.\",\"breadcrumb\":{\"@id\":\"https:\/\/montoit.cc\/index.php\/contact\/#breadcrumb\"},\"inLanguage\":\"en-US\",\"potentialAction\":[{\"@type\":\"ReadAction\",\"target\":[\"https:\/\/montoit.cc\/index.php\/contact\/\"]}]},{\"@type\":\"ImageObject\",\"inLanguage\":\"en-US\",\"@id\":\"https:\/\/montoit.cc\/index.php\/contact\/#primaryimage\",\"url\":\"http:\/\/montoit.cc\/wp-content\/plugins\/wpforms-lite\/assets\/images\/submit-spin.svg\",\"contentUrl\":\"http:\/\/montoit.cc\/wp-content\/plugins\/wpforms-lite\/assets\/images\/submit-spin.svg\"},{\"@type\":\"BreadcrumbList\",\"@id\":\"https:\/\/montoit.cc\/index.php\/contact\/#breadcrumb\",\"itemListElement\":[{\"@type\":\"ListItem\",\"position\":1,\"name\":\"Accueil\",\"item\":\"https:\/\/montoit.cc\/\"},{\"@type\":\"ListItem\",\"position\":2,\"name\":\"Contact\"}]},{\"@type\":\"WebSite\",\"@id\":\"https:\/\/montoit.cc\/#website\",\"url\":\"https:\/\/montoit.cc\/\",\"name\":\"\",\"description\":\"\u00c0 vos c\u00f4t\u00e9s, pour habiter mieux.\",\"potentialAction\":[{\"@type\":\"SearchAction\",\"target\":{\"@type\":\"EntryPoint\",\"urlTemplate\":\"https:\/\/montoit.cc\/?s={search_term_string}\"},\"query-input\":{\"@type\":\"PropertyValueSpecification\",\"valueRequired\":true,\"valueName\":\"search_term_string\"}}],\"inLanguage\":\"en-US\"}]}<\/script>\n<!-- \/ Yoast SEO plugin. -->","yoast_head_json":{"title":"Contact -","description":"Contactez l\u2019association Mon Toit pour toute demande d\u2019information ou de rendez-vous en accompagnement \u00e9nerg\u00e9tique. R\u00e9ponse rapide et bienveillance garantie.","robots":{"index":"index","follow":"follow","max-snippet":"max-snippet:-1","max-image-preview":"max-image-preview:large","max-video-preview":"max-video-preview:-1"},"canonical":"https:\/\/montoit.cc\/index.php\/contact\/","og_locale":"en_US","og_type":"article","og_title":"Contact -","og_description":"Contactez l\u2019association Mon Toit pour toute demande d\u2019information ou de rendez-vous en accompagnement \u00e9nerg\u00e9tique. R\u00e9ponse rapide et bienveillance garantie.","og_url":"https:\/\/montoit.cc\/index.php\/contact\/","article_modified_time":"2025-07-08T08:57:23+00:00","og_image":[{"url":"http:\/\/montoit.cc\/wp-content\/plugins\/wpforms-lite\/assets\/images\/submit-spin.svg","type":"","width":"","height":""}],"twitter_card":"summary_large_image","twitter_misc":{"Est. reading time":"1 minute"},"schema":{"@context":"https:\/\/schema.org","@graph":[{"@type":"WebPage","@id":"https:\/\/montoit.cc\/index.php\/contact\/","url":"https:\/\/montoit.cc\/index.php\/contact\/","name":"Contact -","isPartOf":{"@id":"https:\/\/montoit.cc\/#website"},"primaryImageOfPage":{"@id":"https:\/\/montoit.cc\/index.php\/contact\/#primaryimage"},"image":{"@id":"https:\/\/montoit.cc\/index.php\/contact\/#primaryimage"},"thumbnailUrl":"http:\/\/montoit.cc\/wp-content\/plugins\/wpforms-lite\/assets\/images\/submit-spin.svg","datePublished":"2025-05-30T11:43:04+00:00","dateModified":"2025-07-08T08:57:23+00:00","description":"Contactez l\u2019association Mon Toit pour toute demande d\u2019information ou de rendez-vous en accompagnement \u00e9nerg\u00e9tique. R\u00e9ponse rapide et bienveillance garantie.","breadcrumb":{"@id":"https:\/\/montoit.cc\/index.php\/contact\/#breadcrumb"},"inLanguage":"en-US","potentialAction":[{"@type":"ReadAction","target":["https:\/\/montoit.cc\/index.php\/contact\/"]}]},{"@type":"ImageObject","inLanguage":"en-US","@id":"https:\/\/montoit.cc\/index.php\/contact\/#primaryimage","url":"http:\/\/montoit.cc\/wp-content\/plugins\/wpforms-lite\/assets\/images\/submit-spin.svg","contentUrl":"http:\/\/montoit.cc\/wp-content\/plugins\/wpforms-lite\/assets\/images\/submit-spin.svg"},{"@type":"BreadcrumbList","@id":"https:\/\/montoit.cc\/index.php\/contact\/#breadcrumb","itemListElement":[{"@type":"ListItem","position":1,"name":"Accueil","item":"https:\/\/montoit.cc\/"},{"@type":"ListItem","position":2,"name":"Contact"}]},{"@type":"WebSite","@id":"https:\/\/montoit.cc\/#website","url":"https:\/\/montoit.cc\/","name":"","description":"\u00c0 vos c\u00f4t\u00e9s, pour habiter mieux.","potentialAction":[{"@type":"SearchAction","target":{"@type":"EntryPoint","urlTemplate":"https:\/\/montoit.cc\/?s={search_term_string}"},"query-input":{"@type":"PropertyValueSpecification","valueRequired":true,"valueName":"search_term_string"}}],"inLanguage":"en-US"}]}},"_links":{"self":[{"href":"https:\/\/montoit.cc\/index.php\/wp-json\/wp\/v2\/pages\/10","targetHints":{"allow":["GET"]}}],"collection":[{"href":"https:\/\/montoit.cc\/index.php\/wp-json\/wp\/v2\/pages"}],"about":[{"href":"https:\/\/montoit.cc\/index.php\/wp-json\/wp\/v2\/types\/page"}],"author":[{"embeddable":true,"href":"https:\/\/montoit.cc\/index.php\/wp-json\/wp\/v2\/users\/1"}],"replies":[{"embeddable":true,"href":"https:\/\/montoit.cc\/index.php\/wp-json\/wp\/v2\/comments?post=10"}],"version-history":[{"count":13,"href":"https:\/\/montoit.cc\/index.php\/wp-json\/wp\/v2\/pages\/10\/revisions"}],"predecessor-version":[{"id":294,"href":"https:\/\/montoit.cc\/index.php\/wp-json\/wp\/v2\/pages\/10\/revisions\/294"}],"wp:attachment":[{"href":"https:\/\/montoit.cc\/index.php\/wp-json\/wp\/v2\/media?parent=10"}],"curies":[{"name":"wp","href":"https:\/\/api.w.org\/{rel}","templated":true}]}}